{"id":32,"date":"2023-11-28T22:14:36","date_gmt":"2023-11-29T03:14:36","guid":{"rendered":"https:\/\/www.ringa.ca\/?page_id=32"},"modified":"2023-12-21T17:40:21","modified_gmt":"2023-12-21T22:40:21","slug":"services","status":"publish","type":"page","link":"https:\/\/www.ringa.ca\/?page_id=32","title":{"rendered":"Services"},"content":{"rendered":"\t\t<div data-elementor-type=\"wp-page\" data-elementor-id=\"32\" class=\"elementor elementor-32\">\n\t\t\t\t\t\t\t\t\t<section class=\"elementor-section elementor-top-section elementor-element elementor-element-664ef9f elementor-section-content-middle elementor-reverse-tablet elementor-reverse-mobile elementor-section-boxed elementor-section-height-default elementor-section-height-default\" data-id=\"664ef9f\" data-element_type=\"section\">\n\t\t\t\t\t\t<div class=\"elementor-container elementor-column-gap-default\">\n\t\t\t\t\t<div class=\"elementor-column elementor-col-50 elementor-top-column elementor-element elementor-element-32e428c elementor-invisible\" data-id=\"32e428c\" data-element_type=\"column\" data-settings=\"{&quot;animation&quot;:&quot;fadeInLeft&quot;}\">\n\t\t\t<div class=\"elementor-widget-wrap elementor-element-populated\">\n\t\t\t\t\t\t\t\t<div class=\"elementor-element elementor-element-24ecca2 elementor-widget elementor-widget-image\" data-id=\"24ecca2\" data-element_type=\"widget\" data-widget_type=\"image.default\">\n\t\t\t\t<div class=\"elementor-widget-container\">\n\t\t\t<style>\/*! elementor - v3.18.0 - 20-12-2023 *\/\n.elementor-widget-image{text-align:center}.elementor-widget-image a{display:inline-block}.elementor-widget-image a img[src$=\".svg\"]{width:48px}.elementor-widget-image img{vertical-align:middle;display:inline-block}<\/style>\t\t\t\t\t\t\t\t\t\t\t\t<img fetchpriority=\"high\" decoding=\"async\" width=\"800\" height=\"534\" src=\"https:\/\/www.ringa.ca\/wp-content\/uploads\/2023\/12\/shutterstock_1326494051-scaled-1-1024x683.jpg\" class=\"attachment-large size-large wp-image-111\" alt=\"\" srcset=\"https:\/\/www.ringa.ca\/wp-content\/uploads\/2023\/12\/shutterstock_1326494051-scaled-1-1024x683.jpg 1024w, https:\/\/www.ringa.ca\/wp-content\/uploads\/2023\/12\/shutterstock_1326494051-scaled-1-300x200.jpg 300w, https:\/\/www.ringa.ca\/wp-content\/uploads\/2023\/12\/shutterstock_1326494051-scaled-1-768x512.jpg 768w, https:\/\/www.ringa.ca\/wp-content\/uploads\/2023\/12\/shutterstock_1326494051-scaled-1-1536x1024.jpg 1536w, https:\/\/www.ringa.ca\/wp-content\/uploads\/2023\/12\/shutterstock_1326494051-scaled-1-2048x1366.jpg 2048w\" sizes=\"(max-width: 800px) 100vw, 800px\" \/>\t\t\t\t\t\t\t\t\t\t\t\t\t\t\t<\/div>\n\t\t\t\t<\/div>\n\t\t\t\t<div class=\"elementor-element elementor-element-1549ba95 elementor-invisible elementor-widget elementor-widget-image\" data-id=\"1549ba95\" data-element_type=\"widget\" data-settings=\"{&quot;_animation&quot;:&quot;slideInLeft&quot;}\" data-widget_type=\"image.default\">\n\t\t\t\t<div class=\"elementor-widget-container\">\n\t\t\t\t\t\t\t\t\t\t\t\t\t\t\t<img decoding=\"async\" width=\"80\" height=\"88\" src=\"https:\/\/www.ringa.ca\/wp-content\/uploads\/2023\/12\/circlePenta-leila.svg\" class=\"attachment-full size-full wp-image-184\" alt=\"\" \/>\t\t\t\t\t\t\t\t\t\t\t\t\t\t\t<\/div>\n\t\t\t\t<\/div>\n\t\t\t\t\t<\/div>\n\t\t<\/div>\n\t\t\t\t<div class=\"elementor-column elementor-col-50 elementor-top-column elementor-element elementor-element-6649f66e elementor-invisible\" data-id=\"6649f66e\" data-element_type=\"column\" data-settings=\"{&quot;animation&quot;:&quot;fadeInRight&quot;}\">\n\t\t\t<div class=\"elementor-widget-wrap elementor-element-populated\">\n\t\t\t\t\t\t\t\t<div class=\"elementor-element elementor-element-573b8c12 elementor-widget elementor-widget-elementskit-heading\" data-id=\"573b8c12\" data-element_type=\"widget\" data-widget_type=\"elementskit-heading.default\">\n\t\t\t\t<div class=\"elementor-widget-container\">\n\t\t\t<div class=\"ekit-wid-con\" ><div class=\"ekit-heading elementskit-section-title-wraper text_left   ekit_heading_tablet-   ekit_heading_mobile-center\"><h1 class=\"ekit-heading--title elementskit-section-title \">Services<\/h1>\t\t\t\t<div class='ekit-heading__description'>\n\t\t\t\t\t<p><span style=\"font-weight: 400\">De la finance \u00e0 l\u2019accompagnement strat\u00e9gique, mon parcours est riche en le\u00e7ons de vie. Je suis \u00e0 l\u2019\u00e9coute, dans une ouverture compl\u00e8te \u00e0 l\u2019autre et sans jugement.\u00a0<\/span><\/p>\n<p><span style=\"font-weight: 400\">Je vous accompagnerai avec authenticit\u00e9, que vous soyez gestionnaire, professionnel ou entrepreneur.\u00a0\u00a0<\/span><\/p>\n<p><span style=\"font-weight: 400\">L'accompagnement d\u00e9signe g\u00e9n\u00e9ralement le fait de soutenir, guider ou assister quelqu'un dans un processus, un projet ou une d\u00e9marche. Cela peut s'appliquer \u00e0 divers domaines tels que la formation, le d\u00e9veloppement personnel ou professionnel, la sant\u00e9, etc.<\/span><\/p>\n<p><span style=\"font-weight: 400\">Le coaching est une forme d'accompagnement personnel ou professionnel visant \u00e0 aider une personne \u00e0 atteindre ses objectifs, \u00e0 d\u00e9velopper ses comp\u00e9tences et \u00e0 maximiser son potentiel. Un coach travaille g\u00e9n\u00e9ralement en collaboration avec le client pour d\u00e9finir des objectifs clairs, identifier des obstacles potentiels et \u00e9laborer des plans d'action pour progresser.<\/span><\/p>\n\t\t\t\t<\/div>\n\t\t\t<\/div><\/div>\t\t<\/div>\n\t\t\t\t<\/div>\n\t\t\t\t\t<\/div>\n\t\t<\/div>\n\t\t\t\t\t\t\t<\/div>\n\t\t<\/section>\n\t\t\t\t<section class=\"elementor-section elementor-top-section elementor-element elementor-element-2f57835d elementor-section-content-middle elementor-section-boxed elementor-section-height-default elementor-section-height-default\" data-id=\"2f57835d\" data-element_type=\"section\">\n\t\t\t\t\t\t<div class=\"elementor-container elementor-column-gap-default\">\n\t\t\t\t\t<div class=\"elementor-column elementor-col-100 elementor-top-column elementor-element elementor-element-5517388b elementor-invisible\" data-id=\"5517388b\" data-element_type=\"column\" data-settings=\"{&quot;animation&quot;:&quot;fadeInLeft&quot;}\">\n\t\t\t<div class=\"elementor-widget-wrap elementor-element-populated\">\n\t\t\t\t\t\t\t\t<div class=\"elementor-element elementor-element-272d519d elementor-widget elementor-widget-image\" data-id=\"272d519d\" data-element_type=\"widget\" data-widget_type=\"image.default\">\n\t\t\t\t<div class=\"elementor-widget-container\">\n\t\t\t\t\t\t\t\t\t\t\t\t\t\t\t<img decoding=\"async\" width=\"800\" height=\"267\" src=\"https:\/\/www.ringa.ca\/wp-content\/uploads\/2023\/12\/Screen-Shot-2023-11-28-at-23.40.10-1024x342.png\" class=\"attachment-large size-large wp-image-113\" alt=\"\" srcset=\"https:\/\/www.ringa.ca\/wp-content\/uploads\/2023\/12\/Screen-Shot-2023-11-28-at-23.40.10-1024x342.png 1024w, https:\/\/www.ringa.ca\/wp-content\/uploads\/2023\/12\/Screen-Shot-2023-11-28-at-23.40.10-300x100.png 300w, https:\/\/www.ringa.ca\/wp-content\/uploads\/2023\/12\/Screen-Shot-2023-11-28-at-23.40.10-768x256.png 768w, https:\/\/www.ringa.ca\/wp-content\/uploads\/2023\/12\/Screen-Shot-2023-11-28-at-23.40.10-1536x513.png 1536w, https:\/\/www.ringa.ca\/wp-content\/uploads\/2023\/12\/Screen-Shot-2023-11-28-at-23.40.10.png 1888w\" sizes=\"(max-width: 800px) 100vw, 800px\" \/>\t\t\t\t\t\t\t\t\t\t\t\t\t\t\t<\/div>\n\t\t\t\t<\/div>\n\t\t\t\t\t<\/div>\n\t\t<\/div>\n\t\t\t\t\t\t\t<\/div>\n\t\t<\/section>\n\t\t\t\t<section class=\"elementor-section elementor-top-section elementor-element elementor-element-1599e243 elementor-section-content-middle elementor-section-boxed elementor-section-height-default elementor-section-height-default\" data-id=\"1599e243\" data-element_type=\"section\" data-settings=\"{&quot;background_background&quot;:&quot;classic&quot;}\">\n\t\t\t\t\t\t<div class=\"elementor-container elementor-column-gap-default\">\n\t\t\t\t\t<div class=\"elementor-column elementor-col-50 elementor-top-column elementor-element elementor-element-2e8c3f84 elementor-invisible\" data-id=\"2e8c3f84\" data-element_type=\"column\" data-settings=\"{&quot;animation&quot;:&quot;fadeInRight&quot;}\">\n\t\t\t<div class=\"elementor-widget-wrap elementor-element-populated\">\n\t\t\t\t\t\t\t\t<div class=\"elementor-element elementor-element-347bca6c elementor-widget elementor-widget-elementskit-heading\" data-id=\"347bca6c\" data-element_type=\"widget\" data-widget_type=\"elementskit-heading.default\">\n\t\t\t\t<div class=\"elementor-widget-container\">\n\t\t\t<div class=\"ekit-wid-con\" ><div class=\"ekit-heading elementskit-section-title-wraper text_left   ekit_heading_tablet-   ekit_heading_mobile-center\"><h1 class=\"ekit-heading--title elementskit-section-title \">Processus<\/h1>\t\t\t\t<div class='ekit-heading__description'>\n\t\t\t\t\t<p>Lors de la premi\u00e8re s\u00e9ance, nous ferons ensemble un point sur votre situation et nous discuterons de vos objectifs.<\/p>\n<p>Nous \u00e9valuerons si je peux vous aider. En toute transparence, je vous confirmerai si je suis la personne ad\u00e9quate pour l\u2019atteinte de vos objectifs.<\/p>\n<p>Suite \u00e0 votre validation, nous conviendrons des prochaines \u00e9tapes.<\/p>\n<p>Si nous d\u00e9cidons de travailler ensemble, nous prendrons rendez-vous pour une s\u00e9ance de 45 min. Notez que les s\u00e9ances sont modulables selon vos besoins.<\/p>\n<p>Les 4 autres s\u00e9ances sont fix\u00e9es \u00e0 l\u2019avance. Entre les s\u00e9ances, je vous donne un ou deux exercices et des outils qui vous aideront.<\/p>\n<p>Dans certains cas, un coaching flash s\u2019av\u00e8re suffisant (4 \u00e0 5 s\u00e9ances).<br \/>Le coaching long quant \u00e0 lui est d\u2019une dur\u00e9e de 10 \u00e0 12 s\u00e9ances.<\/p>\n<p><strong>120$\/s\u00e9ance<\/strong>\u00a0<\/p>\n<p><span style=\"font-weight: 400\">Maximum <strong>12 s\u00e9ances <\/strong><\/span><\/p>\n\t\t\t\t<\/div>\n\t\t\t<\/div><\/div>\t\t<\/div>\n\t\t\t\t<\/div>\n\t\t\t\t\t<\/div>\n\t\t<\/div>\n\t\t\t\t<div class=\"elementor-column elementor-col-50 elementor-top-column elementor-element elementor-element-666de0af elementor-invisible\" data-id=\"666de0af\" data-element_type=\"column\" data-settings=\"{&quot;animation&quot;:&quot;fadeInLeft&quot;}\">\n\t\t\t<div class=\"elementor-widget-wrap elementor-element-populated\">\n\t\t\t\t\t\t\t\t<div class=\"elementor-element elementor-element-3429d07c elementor-widget elementor-widget-image\" data-id=\"3429d07c\" data-element_type=\"widget\" data-widget_type=\"image.default\">\n\t\t\t\t<div class=\"elementor-widget-container\">\n\t\t\t\t\t\t\t\t\t\t\t\t\t\t\t<img loading=\"lazy\" decoding=\"async\" width=\"800\" height=\"800\" src=\"https:\/\/www.ringa.ca\/wp-content\/uploads\/2023\/12\/shutterstock_272553857-scaled-1-1024x1024.jpg\" class=\"attachment-large size-large wp-image-114\" alt=\"\" srcset=\"https:\/\/www.ringa.ca\/wp-content\/uploads\/2023\/12\/shutterstock_272553857-scaled-1-1024x1024.jpg 1024w, https:\/\/www.ringa.ca\/wp-content\/uploads\/2023\/12\/shutterstock_272553857-scaled-1-300x300.jpg 300w, https:\/\/www.ringa.ca\/wp-content\/uploads\/2023\/12\/shutterstock_272553857-scaled-1-150x150.jpg 150w, https:\/\/www.ringa.ca\/wp-content\/uploads\/2023\/12\/shutterstock_272553857-scaled-1-768x768.jpg 768w, https:\/\/www.ringa.ca\/wp-content\/uploads\/2023\/12\/shutterstock_272553857-scaled-1-1536x1536.jpg 1536w, https:\/\/www.ringa.ca\/wp-content\/uploads\/2023\/12\/shutterstock_272553857-scaled-1-2048x2048.jpg 2048w\" sizes=\"(max-width: 800px) 100vw, 800px\" \/>\t\t\t\t\t\t\t\t\t\t\t\t\t\t\t<\/div>\n\t\t\t\t<\/div>\n\t\t\t\t\t<\/div>\n\t\t<\/div>\n\t\t\t\t\t\t\t<\/div>\n\t\t<\/section>\n\t\t\t\t\t\t\t<\/div>\n\t\t","protected":false},"excerpt":{"rendered":"<p>Services De la finance \u00e0 l\u2019accompagnement strat\u00e9gique, mon parcours est riche en le\u00e7ons de vie. Je suis \u00e0 l\u2019\u00e9coute, dans une ouverture compl\u00e8te \u00e0 l\u2019autre et sans jugement.\u00a0 Je vous accompagnerai avec authenticit\u00e9, que vous soyez gestionnaire, professionnel ou entrepreneur.\u00a0\u00a0 L&rsquo;accompagnement d\u00e9signe g\u00e9n\u00e9ralement le fait de soutenir, guider ou assister quelqu&rsquo;un dans un processus, un [&hellip;]<\/p>\n","protected":false},"author":1,"featured_media":0,"parent":0,"menu_order":0,"comment_status":"closed","ping_status":"closed","template":"elementor_header_footer","meta":{"footnotes":""},"_links":{"self":[{"href":"https:\/\/www.ringa.ca\/index.php?rest_route=\/wp\/v2\/pages\/32"}],"collection":[{"href":"https:\/\/www.ringa.ca\/index.php?rest_route=\/wp\/v2\/pages"}],"about":[{"href":"https:\/\/www.ringa.ca\/index.php?rest_route=\/wp\/v2\/types\/page"}],"author":[{"embeddable":true,"href":"https:\/\/www.ringa.ca\/index.php?rest_route=\/wp\/v2\/users\/1"}],"replies":[{"embeddable":true,"href":"https:\/\/www.ringa.ca\/index.php?rest_route=%2Fwp%2Fv2%2Fcomments&post=32"}],"version-history":[{"count":46,"href":"https:\/\/www.ringa.ca\/index.php?rest_route=\/wp\/v2\/pages\/32\/revisions"}],"predecessor-version":[{"id":423,"href":"https:\/\/www.ringa.ca\/index.php?rest_route=\/wp\/v2\/pages\/32\/revisions\/423"}],"wp:attachment":[{"href":"https:\/\/www.ringa.ca\/index.php?rest_route=%2Fwp%2Fv2%2Fmedia&parent=32"}],"curies":[{"name":"wp","href":"https:\/\/api.w.org\/{rel}","templated":true}]}}